{"id":223,"date":"2018-04-15T15:15:03","date_gmt":"2018-04-15T12:15:03","guid":{"rendered":"https:\/\/www.agata.lt\/?page_id=223"},"modified":"2025-10-14T12:02:31","modified_gmt":"2025-10-14T09:02:31","slug":"tarifai-verslo-erdvems","status":"publish","type":"page","link":"https:\/\/www.agata.lt\/lt\/klientams\/tarifai-verslo-erdvems\/","title":{"rendered":"Tarifai verslo erdv\u0117ms"},"content":{"rendered":"<div class=\"tarifaip\">U\u017e vie\u0161\u0105 muzikos \u012fra\u0161\u0173 naudojim\u0105 mokamo atlyginimo tarifai yra diferencijuojami pagal muzikos svarb\u0105 ir reik\u0161m\u0119 skirtingose veiklos srityse.<\/div>\n<h2>Maitinimo ir pasilinksminimo paslaugos<\/h2>\n<table style=\"height: 66px; width: 100%;\" width=\"1346\">\n<thead>\n<tr>\n<td style=\"width: 24.137931%;\">Vieta<\/td>\n<td style=\"width: 21.896552%;\">Iki 50 m<span class=\"highlightedLayerContent\" data-color-group=\"turquoise\">2<\/span> (Eur\/m\u0117n.)<\/td>\n<td style=\"width: 20.689655%;\">Iki 100 m<span class=\"highlightedLayerContent\" data-color-group=\"turquoise\">2<\/span> (Eur\/m\u0117n.)<\/td>\n<td style=\"width: 18.87931%;\">Nuo 101 iki 150 m<span class=\"highlightedLayerContent\" data-color-group=\"turquoise\">2<\/span> (Eur\/m\u0117n.)<\/td>\n<td style=\"width: 12.327586%;\">Papildomi 50 m<span class=\"highlightedLayerContent\" data-color-group=\"turquoise\">2<\/span> (Eur\/m\u0117n)<\/td>\n<\/tr>\n<\/thead>\n<tbody>\n<tr>\n<td style=\"width: 24.137931%;\">Barai, kavin\u0117s, restoranai ir kt.<\/td>\n<td style=\"width: 21.896552%;\">25<\/td>\n<td style=\"width: 20.689655%;\">30<\/td>\n<td style=\"width: 18.87931%;\">35<\/td>\n<td style=\"width: 12.327586%;\">+5<\/td>\n<\/tr>\n<\/tbody>\n<\/table>\n<table style=\"border-collapse: collapse; width: 100%;\">\n<thead>\n<tr>\n<td style=\"width: 24.137931%;\">Vieta<\/td>\n<td style=\"width: 24.482759%;\">Iki 50 m<span class=\"highlightedLayerContent\" data-color-group=\"turquoise\">2<\/span> (Eur\/m\u0117n.)<\/td>\n<td style=\"width: 21.206896%;\">Iki 100 m<span class=\"highlightedLayerContent\" data-color-group=\"turquoise\">2<\/span> (Eur\/m\u0117n.)<\/td>\n<td style=\"width: 15.775862%;\">Vir\u0161 100 m<span class=\"highlightedLayerContent\" data-color-group=\"turquoise\">2<\/span> (Eur\/m\u0117n.)<\/td>\n<\/tr>\n<\/thead>\n<tbody>\n<tr>\n<td style=\"width: 25%;\">Klubai<\/td>\n<td style=\"width: 25%;\">30<\/td>\n<td style=\"width: 25%;\">50<\/td>\n<td style=\"width: 25%;\">70<\/td>\n<\/tr>\n<\/tbody>\n<\/table>\n<h2>Prekybos ir apgyvendinimo paslaugos<\/h2>\n<table style=\"height: 152px; width: 100%;\" width=\"1346\">\n<thead>\n<tr style=\"height: 24px;\">\n<td style=\"width: 49.827586%; height: 24px;\">Vieta<\/td>\n<td style=\"width: 48.62069%; height: 24px;\">Nuo 2025 m.<\/td>\n<\/tr>\n<\/thead>\n<tbody>\n<tr style=\"height: 84px;\">\n<td style=\"width: 49.827586%; height: 84px;\">Apgyvendinimo vietos (sve\u010di\u0173<br \/>\nnamai, vie\u0161bu\u010diai, moteliai ir kr.)<\/td>\n<td style=\"width: 48.62069%; height: 84px;\">\n<p>22 Eur\/metus u\u017e kambar\u012f<br \/>\n&#8211; faktinio u\u017eimtumo %<\/p>\n<p><em style=\"font-size: inherit; font-family: inherit;\">Tarifas kasmet (sausio 1 d.) indeksuojamas (didinamas) pra\u0117jusi\u0173 met\u0173 vartotoj\u0173 kain\u0173 poky\u010dio (infliacijos) dyd\u017eiu, jei \u0161is didesnis nei 4 proc.<\/em><\/p>\n<\/td>\n<\/tr>\n<tr style=\"height: 44px;\">\n<td style=\"width: 49.827586%; height: 44px;\">Prekybos ir kit\u0173 paslaug\u0173 vietos<\/td>\n<td style=\"width: 48.62069%; height: 44px;\">0,5 Eur\/1 m<span class=\"highlightedLayerContent\" data-color-group=\"turquoise\">2<\/span> (bet ne ma\u017eiau kaip 50 Eur\/metus)<\/td>\n<\/tr>\n<\/tbody>\n<\/table>\n<h2>Renginiai<\/h2>\n<table style=\"height: 66px;\" width=\"1346\">\n<thead>\n<tr>\n<td style=\"width: 329px;\">Renginio tipas<\/td>\n<td style=\"width: 329px;\">Iki 1000 lankytoj\u0173, Eur<\/td>\n<td style=\"width: 330px;\">Iki 5000 lankytoj\u0173, Eur<\/td>\n<td style=\"width: 330px;\">\n<div id=\"layerContentContainer\">\n<div id=\"layerContent\" tabindex=\"1\">Vir\u0161 5000 lankytoj\u0173, Eur<\/div>\n<\/div>\n<\/td>\n<\/tr>\n<\/thead>\n<tbody>\n<tr>\n<td style=\"width: 329px;\">1 kategorija     <span data-toggle=\"tooltip\" class=\"mytooltip\" data-placement=\"top\" title=\"Renginiai,  kuriuose fonin\u0117 muzika naudojama kaip pagrindinis renginio objektas.\"><span\r\n                class=\"mytooltip-icon\"><\/span><\/span>\r\n\r\n    <\/td>\n<td style=\"width: 329px;\">100<\/td>\n<td style=\"width: 330px;\">200<\/td>\n<td style=\"width: 330px;\">300<\/td>\n<\/tr>\n<tr>\n<td style=\"width: 329px;\">2 kategorija\u00a0    <span data-toggle=\"tooltip\" class=\"mytooltip\" data-placement=\"top\" title=\"Renginiai,  kuriuose fonin\u0117 muzika naudojama per pertraukas, prie\u0161\/po rengini\u0173.\"><span\r\n                class=\"mytooltip-icon\"><\/span><\/span>\r\n\r\n    <\/td>\n<td style=\"width: 329px;\">75<\/td>\n<td style=\"width: 330px;\">125<\/td>\n<td style=\"width: 330px;\">175<\/td>\n<\/tr>\n<\/tbody>\n<\/table>\n","protected":false},"excerpt":{"rendered":"<p>U\u017e vie\u0161\u0105 muzikos \u012fra\u0161\u0173 naudojim\u0105 mokamo atlyginimo tarifai yra diferencijuojami pagal muzikos svarb\u0105 ir reik\u0161m\u0119 skirtingose veiklos srityse. Maitinimo ir pasilinksminimo paslaugos Vieta Iki 50 m2 (Eur\/m\u0117n.) Iki 100 m2 (Eur\/m\u0117n.) Nuo 101 iki 150 m2 (Eur\/m\u0117n.) Papildomi 50 m2 (Eur\/m\u0117n) Barai, kavin\u0117s, restoranai ir kt. 25 30 35 +5 Vieta Iki 50 m2 (Eur\/m\u0117n.) &hellip; <a href=\"https:\/\/www.agata.lt\/lt\/klientams\/tarifai-verslo-erdvems\/\">Continued<\/a><\/p>\n","protected":false},"author":1,"featured_media":0,"parent":13,"menu_order":0,"comment_status":"closed","ping_status":"closed","template":"page-tarifai.php","meta":[],"_links":{"self":[{"href":"https:\/\/www.agata.lt\/lt\/wp-json\/wp\/v2\/pages\/223"}],"collection":[{"href":"https:\/\/www.agata.lt\/lt\/wp-json\/wp\/v2\/pages"}],"about":[{"href":"https:\/\/www.agata.lt\/lt\/wp-json\/wp\/v2\/types\/page"}],"author":[{"embeddable":true,"href":"https:\/\/www.agata.lt\/lt\/wp-json\/wp\/v2\/users\/1"}],"replies":[{"embeddable":true,"href":"https:\/\/www.agata.lt\/lt\/wp-json\/wp\/v2\/comments?post=223"}],"version-history":[{"count":25,"href":"https:\/\/www.agata.lt\/lt\/wp-json\/wp\/v2\/pages\/223\/revisions"}],"predecessor-version":[{"id":6021,"href":"https:\/\/www.agata.lt\/lt\/wp-json\/wp\/v2\/pages\/223\/revisions\/6021"}],"up":[{"embeddable":true,"href":"https:\/\/www.agata.lt\/lt\/wp-json\/wp\/v2\/pages\/13"}],"wp:attachment":[{"href":"https:\/\/www.agata.lt\/lt\/wp-json\/wp\/v2\/media?parent=223"}],"curies":[{"name":"wp","href":"https:\/\/api.w.org\/{rel}","templated":true}]}}