{"id":225,"date":"2018-04-15T15:15:15","date_gmt":"2018-04-15T12:15:15","guid":{"rendered":"https:\/\/www.agata.lt\/?page_id=225"},"modified":"2026-02-04T18:23:44","modified_gmt":"2026-02-04T16:23:44","slug":"tarifai-televizijai-radijui-internetui","status":"publish","type":"page","link":"https:\/\/www.agata.lt\/lt\/tarifai-televizijai-radijui-internetui\/","title":{"rendered":"Tarifai televizijai, radijui, internetui"},"content":{"rendered":"<div class='content-column one_half'><div style=\"padding-right:10px;\"><h2>1. Visuomeninis transliuotojas<\/h2>\n<table style=\"height: 102px; width: 51.2055%;\" width=\"1346\">\n<thead>\n<tr>\n<td style=\"width: 3.61011%;\">Metai<\/td>\n<td style=\"width: 3.61011%;\">2019<\/td>\n<td style=\"width: 3.61011%;\">2020<\/td>\n<td style=\"width: 8.12817%;\">2021<\/td>\n<\/tr>\n<\/thead>\n<tbody>\n<tr>\n<td style=\"width: 3.61011%;\">Tarifas<\/td>\n<td style=\"width: 3.61011%;\">1%<\/td>\n<td style=\"width: 3.61011%;\">1,2%<\/td>\n<td style=\"width: 8.12817%;\">1,5%<\/td>\n<\/tr>\n<\/tbody>\n<\/table><\/div><\/div>\n<div class='content-column one_half last_column'><div style=\"padding-right:0px;padding-left:10px;\"><div class=\"radio-wrap\">\n<h2>Komercin\u0117s televizijos stotys<\/h2>\n<table style=\"width: 97.7249%;\">\n<thead>\n<tr>\n<td style=\"width: 17.2535%;\">Metai<\/td>\n<td style=\"width: 17.5305%;\">2024<\/td>\n<td style=\"width: 14.3555%;\">2025<\/td>\n<td style=\"width: 13.7566%;\">2026<\/td>\n<td style=\"width: 14.9912%;\">2027<\/td>\n<td style=\"width: 20.9877%;\">2028<\/td>\n<\/tr>\n<\/thead>\n<tbody>\n<tr>\n<td style=\"width: 17.2535%;\">Tarifas<\/td>\n<td style=\"width: 17.5305%;\">1,35%<\/td>\n<td style=\"width: 14.3555%;\">1,35%<\/td>\n<td style=\"width: 13.7566%;\">1,40%<\/td>\n<td style=\"width: 14.9912%;\">1,40%<\/td>\n<td style=\"width: 20.9877%;\">1,40%<\/td>\n<\/tr>\n<\/tbody>\n<\/table><\/div><\/div><div class='clear_column'><\/div>\n<\/div>\n<div class='content-column one_half'><div style=\"padding-right:10px;\"><div class=\"radio-wrap\">\n<h2>2. Regionin\u0117s televizijos stotys<\/h2>\n<p><strong>1.7%<\/strong> nuo televizijos stoties pajam\u0173 u\u017e reklam\u0105<\/p>\n<\/div><\/div><\/div>\n<div class='content-column one_half last_column'><div style=\"padding-right:0px;padding-left:10px;\"><h2>Komercin\u0117s radijo stotys<\/h2>\n<table style=\"height: 111px; width: 98.3608%;\" width=\"1346\">\n<thead>\n<tr style=\"height: 40px;\">\n<td style=\"width: 7.24264%; height: 40px;\">Metai<\/td>\n<td style=\"width: 6.54098%; height: 40px;\">2026<\/td>\n<td style=\"width: 6.06692%; height: 40px;\">2027<\/td>\n<td style=\"width: 6.24235%;\">2028<\/td>\n<td style=\"width: 7.28682%;\">2029<\/td>\n<td style=\"width: 6.66667%;\">2030<\/td>\n<\/tr>\n<\/thead>\n<tbody>\n<tr style=\"height: 45.1px;\">\n<td style=\"width: 7.24264%; height: 45.1px;\">Tarifas<\/td>\n<td style=\"width: 6.54098%; height: 45.1px;\">3,6%<\/td>\n<td style=\"width: 6.06692%; height: 45.1px;\">3,6%<\/td>\n<td style=\"width: 6.24235%;\">3,7%<\/td>\n<td style=\"width: 7.28682%;\">3,7%<\/td>\n<td style=\"width: 6.66667%;\">3,8%<\/td>\n<\/tr>\n<\/tbody>\n<\/table><\/div><\/div><div class='clear_column'><\/div>\n<h2>3. Kabelin\u0117 retransliacija<\/h2>\n<div class=\"radio-wrap\">\n<p>Tarifas nustatomas derybomis su kabelin\u0117s retransliacijos operatori\u0173 asociacijomis.<\/p>\n<p>2018-2027 retransliavimo sutart\u012f rasite <a href=\"https:\/\/www.agata.lt\/wp-content\/uploads\/2018\/09\/Licencin\u0117-sutartis-d\u0117l-k\u016brini\u0173-retransliavimo.pdf\" target=\"_blank\" rel=\"noopener noreferrer\">\u010cIA<\/a>.<\/p>\n<\/div>\n<h2>4. Vie\u0161as paskelbimas internete<\/h2>\n<div class=\"radio-wrap-2\">\n<h3>4.1 Radijo sto\u010di\u0173 transliacijos vie\u0161as paskelbimas internete (simulcasting).<\/h3>\n<div class=\"radio-wrap\">\n<p><strong>Moka asmuo inicijuojantis ir finansuojantis vie\u0161\u0105j\u012f paskelbim\u0105 internete pagal 4.1.1. arba 4.1.2. skai\u010diavimo variant\u0105, renkantis<\/strong><br \/>\n<strong>t\u0105, pagal kur\u012f mokamas didesnis atlyginimas atlik\u0117jams ir fonogram\u0173 gamintojams:<\/strong><\/p>\n<h4>4.1.1. <strong>0,1 %<\/strong> nuo komercin\u0117s reklamos pajam\u0173 (papildomai prie atlyginimo atlik\u0117jams ir fonogram\u0173 gamintojams, mokamo u\u017e<br \/>\ntransliavim\u0105 eteryje) arba<\/h4>\n<h4>4.1.2. pagal maksimal\u0173 klausytoj\u0173 skai\u010di\u0173<\/h4>\n<\/div>\n<table style=\"height: 138px; width: 100.862%;\" width=\"1346\">\n<thead>\n<tr>\n<td style=\"width: 23.4483%;\">Maksimalus klausytoj\u0173 skai\u010dius*<\/td>\n<td style=\"width: 20.5172%;\">Iki 40<\/td>\n<td style=\"width: 16.8966%;\">41-100<\/td>\n<td style=\"width: 17.4138%;\">101 ir daugiau<\/td>\n<\/tr>\n<\/thead>\n<tbody>\n<tr>\n<td style=\"width: 23.4483%;\">U\u017e vien\u0105 stot\u012f (EUR per m\u0117n.)<\/td>\n<td style=\"width: 20.5172%;\">50<\/td>\n<td style=\"width: 16.8966%;\">100<\/td>\n<td style=\"width: 17.4138%;\">200<\/td>\n<\/tr>\n<\/tbody>\n<\/table>\n<p>* maksimalus klausytoj\u0173 skai\u010dius paskai\u010diuojamas remiantis serverio galimyb\u0117mis, nustatant kiek klausytoj\u0173 vienu metu gali prisijungti prie vienos<br \/>\nstoties arba pagal radijo stoties pateikt\u0105 prisiregistravusi\u0173 klausytoj\u0173 skai\u010di\u0173, jeigu tokia registracija yra.<\/p>\n<h3>4.2\u00a0Televizijos sto\u010di\u0173 transliacijos vie\u0161as paskelbimas internete (simulcasting).<\/h3>\n<p><strong>0,05 %<\/strong> nuo komercin\u0117s reklamos pajam\u0173 (papildomai prie atlyginimo atlik\u0117jams ir fonogram\u0173 gamintojams, mokamo u\u017e<br \/>\ntransliavim\u0105 eteryje),<\/p>\n<h3>4.3 Radijo sto\u010di\u0173 program\u0173 vie\u0161as paskelbimas internete (webcasting).<\/h3>\n<table style=\"height: 171px; width: 100.172%;\" width=\"1346\">\n<thead>\n<tr style=\"height: 64px;\">\n<td style=\"width: 24.1379%; height: 64px;\">Maksimalus klausytoj\u0173<br \/>\nskai\u010dius**<\/td>\n<td style=\"width: 17.069%; height: 64px;\">Iki 40<\/td>\n<td style=\"width: 17.7586%; height: 64px;\">41-100<\/td>\n<td style=\"width: 18.4483%; height: 64px;\">101 ir daugiau<\/td>\n<\/tr>\n<\/thead>\n<tbody>\n<tr style=\"height: 44px;\">\n<td style=\"width: 24.1379%; height: 44px;\">U\u017e vien\u0105 stot\u012f (EUR per m\u0117n.)<\/td>\n<td style=\"width: 17.069%; height: 44px;\">50<\/td>\n<td style=\"width: 17.7586%; height: 44px;\">100<\/td>\n<td style=\"width: 18.4483%; height: 44px;\">200<\/td>\n<\/tr>\n<\/tbody>\n<\/table>\n<p>** maksimalus klausytoj\u0173 skai\u010dius paskai\u010diuojamas remiantis serverio galimyb\u0117mis, nustatant kiek klausytoj\u0173 vienu metu gali prisijungti prie vienos<br \/>\nstoties arba pagal radijo stoties pateikt\u0105 prisiregistravusi\u0173 klausytoj\u0173 skai\u010di\u0173, jeigu tokia registracija yra.<\/p>\n<p>Atlyginimo tarifai nurodyti be PVM<\/p>\n<\/div>\n","protected":false},"excerpt":{"rendered":"<p>3. Kabelin\u0117 retransliacija Tarifas nustatomas derybomis su kabelin\u0117s retransliacijos operatori\u0173 asociacijomis. 2018-2027 retransliavimo sutart\u012f rasite \u010cIA. 4. Vie\u0161as paskelbimas internete 4.1 Radijo sto\u010di\u0173 transliacijos vie\u0161as paskelbimas internete (simulcasting). Moka asmuo inicijuojantis ir finansuojantis vie\u0161\u0105j\u012f paskelbim\u0105 internete pagal 4.1.1. arba 4.1.2. skai\u010diavimo variant\u0105, renkantis t\u0105, pagal kur\u012f mokamas didesnis atlyginimas atlik\u0117jams ir fonogram\u0173 gamintojams: 4.1.1. 0,1 &hellip; <a href=\"https:\/\/www.agata.lt\/lt\/tarifai-televizijai-radijui-internetui\/\">Continued<\/a><\/p>\n","protected":false},"author":1,"featured_media":0,"parent":0,"menu_order":0,"comment_status":"closed","ping_status":"closed","template":"page-tarifai.php","meta":[],"_links":{"self":[{"href":"https:\/\/www.agata.lt\/lt\/wp-json\/wp\/v2\/pages\/225"}],"collection":[{"href":"https:\/\/www.agata.lt\/lt\/wp-json\/wp\/v2\/pages"}],"about":[{"href":"https:\/\/www.agata.lt\/lt\/wp-json\/wp\/v2\/types\/page"}],"author":[{"embeddable":true,"href":"https:\/\/www.agata.lt\/lt\/wp-json\/wp\/v2\/users\/1"}],"replies":[{"embeddable":true,"href":"https:\/\/www.agata.lt\/lt\/wp-json\/wp\/v2\/comments?post=225"}],"version-history":[{"count":33,"href":"https:\/\/www.agata.lt\/lt\/wp-json\/wp\/v2\/pages\/225\/revisions"}],"predecessor-version":[{"id":6332,"href":"https:\/\/www.agata.lt\/lt\/wp-json\/wp\/v2\/pages\/225\/revisions\/6332"}],"wp:attachment":[{"href":"https:\/\/www.agata.lt\/lt\/wp-json\/wp\/v2\/media?parent=225"}],"curies":[{"name":"wp","href":"https:\/\/api.w.org\/{rel}","templated":true}]}}