{"id":292,"date":"2018-04-15T20:50:25","date_gmt":"2018-04-15T17:50:25","guid":{"rendered":"https:\/\/www.agata.lt\/?page_id=292"},"modified":"2018-05-21T10:19:09","modified_gmt":"2018-05-21T07:19:09","slug":"tuscios-laikmenos-formos","status":"publish","type":"page","link":"https:\/\/www.agata.lt\/lt\/tuscios-laikmenos-formos\/","title":{"rendered":"Tu\u0161\u010dios laikmenos formos"},"content":{"rendered":"<p>Informacija apie pirm\u0105 kart\u0105 Lietuvoje parduotas tu\u0161\u010dias laikmenas ir\/ar \u012frenginius turi b\u016bti pateikiama u\u017epildant \u017eemiau nurodytas prane\u0161im\u0173 formas. Kiekviena prane\u0161imo forma skirta skirtingoms preki\u0173 grup\u0117ms. Prane\u0161imai pateikiami kart\u0105 per met\u0173 ketvirt\u012f ne v\u0117liau, kaip iki sekan\u010dio ketvir\u010dio pirmojo m\u0117nesio 10 d.\u00a0 AGATA-ai apdorojus atsi\u0173stus prane\u0161imus Jums bus i\u0161ra\u0161oma s\u0105skaita. U\u017epildyti prane\u0161imai siun\u010diami el. pa\u0161tu: <br \/>\n\r\n    <a class=\"agata-email\" href=\"mailto:ataskaitos@agata.lt\">\r\n        <span class=\"icon\">\r\n            <span><\/span>\r\n        <\/span>\r\n        <span class=\"noticon\">ataskaitos@agata.lt<\/span>\r\n    <\/a>\r\n\r\n    <\/p>\n","protected":false},"excerpt":{"rendered":"<p>Informacija apie pirm\u0105 kart\u0105 Lietuvoje parduotas tu\u0161\u010dias laikmenas ir\/ar \u012frenginius turi b\u016bti pateikiama u\u017epildant \u017eemiau nurodytas prane\u0161im\u0173 formas. Kiekviena prane\u0161imo forma skirta skirtingoms preki\u0173 grup\u0117ms. Prane\u0161imai pateikiami kart\u0105 per met\u0173 ketvirt\u012f ne v\u0117liau, kaip iki sekan\u010dio ketvir\u010dio pirmojo m\u0117nesio 10 d.\u00a0 AGATA-ai apdorojus atsi\u0173stus prane\u0161imus Jums bus i\u0161ra\u0161oma s\u0105skaita. U\u017epildyti prane\u0161imai siun\u010diami el. pa\u0161tu:<\/p>\n","protected":false},"author":1,"featured_media":0,"parent":0,"menu_order":0,"comment_status":"closed","ping_status":"closed","template":"page-teisine.php","meta":[],"_links":{"self":[{"href":"https:\/\/www.agata.lt\/lt\/wp-json\/wp\/v2\/pages\/292"}],"collection":[{"href":"https:\/\/www.agata.lt\/lt\/wp-json\/wp\/v2\/pages"}],"about":[{"href":"https:\/\/www.agata.lt\/lt\/wp-json\/wp\/v2\/types\/page"}],"author":[{"embeddable":true,"href":"https:\/\/www.agata.lt\/lt\/wp-json\/wp\/v2\/users\/1"}],"replies":[{"embeddable":true,"href":"https:\/\/www.agata.lt\/lt\/wp-json\/wp\/v2\/comments?post=292"}],"version-history":[{"count":19,"href":"https:\/\/www.agata.lt\/lt\/wp-json\/wp\/v2\/pages\/292\/revisions"}],"predecessor-version":[{"id":684,"href":"https:\/\/www.agata.lt\/lt\/wp-json\/wp\/v2\/pages\/292\/revisions\/684"}],"wp:attachment":[{"href":"https:\/\/www.agata.lt\/lt\/wp-json\/wp\/v2\/media?parent=292"}],"curies":[{"name":"wp","href":"https:\/\/api.w.org\/{rel}","templated":true}]}}