{"id":3838,"date":"2023-01-03T19:18:56","date_gmt":"2023-01-03T17:18:56","guid":{"rendered":"https:\/\/www.agata.lt\/?page_id=3838"},"modified":"2025-11-18T14:54:43","modified_gmt":"2025-11-18T12:54:43","slug":"kontaktuok","status":"publish","type":"page","link":"https:\/\/www.agata.lt\/lt\/kontaktuok\/","title":{"rendered":"Kontaktai"},"content":{"rendered":"\n<div class=\"wp-block-columns\">\n<div class=\"wp-block-column\">\n<h2 class=\"has-text-align-left\"><\/h2>\n\n\n\n<p><strong><span style=\"color: #000000;\">Bendri klausimai:<\/span><\/strong><\/p>\n<p style=\"text-align: left;\"><strong>+370 5 277 88 99&nbsp;<\/strong><br><strong><a href=\"mailto:agata@agata.lt\">agata@agata.lt<\/a><\/strong><\/p>\n<p><strong><span style=\"color: #000000;\">Mus rasite:<\/span><br><\/strong><\/p>\n<p><strong><a href=\"https:\/\/goo.gl\/maps\/NdXqFNW8JsPFbBmn6\" target=\"_blank\" rel=\"noopener noreferrer\">S. \u017dukausko g. 39, 09130 Vilnius&nbsp;<\/a><\/strong><\/p>\n<p><strong><a href=\"https:\/\/landing.mailerlite.com\/webforms\/landing\/g8k0m5\">Naujienlai\u0161kio prenumerata<\/a><\/strong><\/p>\n<p><a href=\"https:\/\/drive.google.com\/drive\/folders\/1dOViATTZ4ZPNQmi59gZNR5aVs7cojccD?usp=sharing\" target=\"_blank\" rel=\"noopener noreferrer\"><em>Logotipas parsisiuntimui<\/em><\/a><\/p>\n<\/div>\n\n\n\n<div class=\"wp-block-column\">\n<h2 class=\"has-text-align-left\"><\/h2>\n\n\n\n<p><span style=\"color: #000000;\"><strong>Rekvizitai:<\/strong><\/span><\/p>\n<p style=\"text-align: left;\"><strong>Direktor\u0117 Agn\u0117 Beget\u0117<\/strong><\/p>\n<p style=\"text-align: left;\"><strong>Lietuvos gretutini\u0173 teisi\u0173 asociacija AGATA <\/strong><br><strong><a href=\"https:\/\/goo.gl\/maps\/NdXqFNW8JsPFbBmn6\" target=\"_blank\" rel=\"noopener noreferrer\">S. \u017dukausko g. 39, 09130 Vilnius&nbsp;<\/a><\/strong><br><strong>\u012em. kodas: 124690361 <\/strong><br><strong>PVM kodas: LT246903610 <\/strong><br><strong>A\/s: LT17 7044 0600 0136 0120 <small>AB SEB<\/small><\/strong><\/p>\n<\/div>\n<\/div>\n\n\n\n\n\n<hr class=\"wp-block-separator\"\/>\n\n\n\n<h2 class=\"has-text-align-center\">Svarbiausi kontaktai AGATA nariams<\/h2>\n\n\n\n<figure class=\"wp-block-table\"><table><tbody><tr><td>AGATA naryst\u0117s klausimai, pa\u017eymos atlik\u0117jams ir fonogram\u0173 gamintojams<\/td><td>August\u0117 \u017di\u010dkut\u0117<br>Tel.\u00a0+370 645 49 603<br><a href=\"mailto:auguste@agata.lt\">naryste@agata.lt<\/a><br><br>Indr\u0117 Marcinkevi\u010dien\u0117<br>Tel. +370 600 72 294<br><a href=\"indre@agata.lt\">indre@agata.lt <\/a><\/td><\/tr><tr><td>Muzikos ir audiovizualini\u0173 \u012fra\u0161\u0173 registracija<\/td><td>Darina Muchina<br>Tel. +370 600 38 150<br><a href=\"mailto:registracija@agata.lt\">registracija@agata.lt<\/a><\/td><\/tr><tr><td>Tarptautini\u0173 muzikos pasiklausymo platform\u0173 paslaugos<\/td><td>Goda Virbickait\u0117<br>Tel.&nbsp;+370 647 35 234<br><a href=\"mailto:muzika@agata.lt\">muzika@agata.lt<\/a><\/td><\/tr><tr><td>PAKARTOT.LT<\/td><td><a href=\"mailto:info@pakartot.lt\">info@pakartot.lt<\/a><\/td><\/tr><tr><td>Atlyginimo paskirstymas ir mok\u0117jimai<\/td><td>Jurga Jurgion\u0117<br>Tel.&nbsp;+370 614 29 064<br><a href=\"mailto:jurga@agata.lt\">jurga@agata.lt<\/a><\/td><\/tr><tr><td>AGATA projektai<br><em>(\u201eMuzikos sal\u0117\u201c, Muzikos leidybos finansavimo fondas, AGATA Akademija ir kt.)<\/em><\/td><td>R\u016bta Jan\u010diulyt\u0117<br>Tel. +370 647 35 240<br><a href=\"mailto:ruta@agata.lt\">ruta@agata.lt<\/a><\/td><\/tr><tr><td>Teisin\u0117s, mokes\u010di\u0173 konsultacijos nariams<\/td><td>Martyna Gudait\u0117-Gulbinien\u0117<br>Tel. +370 683 26 477<br><a href=\"mailto:martyna@agata.lt\">martyna@agata.lt<\/a><\/td><\/tr><\/tbody><\/table><\/figure>\n\n\n\n\n\n<h2>Svarbiausi kontaktai AGATA verslo klientams<\/h2>\n\n\n\n<figure class=\"wp-block-table\"><table><tbody><tr><td>Muzikos licencij\u0173 skyriaus vadovas<\/td><td>Mindaugas Budvytis<br>Tel.+370 616 26 620<br><a href=\"mailto:mindaugas@agata.lt\">mindaugas@agata.lt<\/a><\/td><\/tr><tr><td>Muzikos licencijos renginiams visoje \u0161alyje<br><br>Muzikos licencijos prekybos ir paslaug\u0173 vietoms <em>(Vilniaus, Utenos apskritis)<\/em><\/td><td>Povilas Sadauskas<br>Tel.&nbsp;+370 686 14 071<br><a href=\"mailto:povilas@agata.lt\">povilas@agata.lt<\/a><\/td><\/tr><tr><td>Muzikos licencijos prekybos ir paslaug\u0173 vietoms<br>(<em>Klaip\u0117dos apskritis, \u0160iauli\u0173 apskritis, Panev\u0117\u017eio apskritis, Tel\u0161i\u0173 apskritis ir Taurag\u0117s apskritis &#8211; i\u0161skyrus Jurbarko rajono savivaldyb\u0119)<\/em><\/td><td>Darotas Ber\u017einis<br>Tel. +370 671 34 577<br><a href=\"mailto:klaipeda@agata.lt\">klaipeda@agata.lt<\/a><\/td><\/tr><tr><td>Muzikos licencijos prekybos ir paslaug\u0173 vietoms<br><em>(Kauno apskritis, Alytaus apskritis, Marijampol\u0117s apskritis ir Jurbarko rajono savivaldyb\u0117)<\/em><\/td><td>Irena Kabi\u0161aitien\u0117<br>Tel. +370 682 41 191<br><a href=\"mailto:kaunas@agata.lt\">kaunas@agata.lt<\/a><\/td><\/tr><tr><td>Skolos<\/td><td>Birut\u0117 Tudorak\u0117<br>Tel. +370 611 20 284<br><a href=\"mailto:birute@agata.lt\">birute@agata.lt<\/a><\/td><\/tr><tr><td>S\u0105skait\u0173 apmok\u0117jimas<\/td><td>Jelena Aksionova<br>Tel. +370 620 69 850<br><a href=\"mailto:buhalterija@agata.lt\">buhalterija@agata.lt<\/a><\/td><\/tr><tr><td>Kompensacinis tu\u0161\u010dios laikmenos atlyginimas<\/td><td>Marius Jutka<br>Tel.&nbsp;+370 686 14 058<br><a href=\"mailto:marius@agata.lt\">marius@agata.lt<\/a><\/td><\/tr><tr><td>Konsultacijos d\u0117l muzikos licencij\u0173 filmams, reklamai ir pan.<\/td><td>Martyna Gudait\u0117-Gulbinien\u0117<br>Tel. +370 683 26 477<br><a href=\"mailto:martyna@agata.lt\">martyna@agata.lt<\/a><\/td><\/tr><tr><td>Kontaktai \u017einiasklaidai<\/td><td>Rasa Kreg\u017edait\u0117<br>Tel. +370 609 48 462<br><a href=\"mailto:pr@agata.lt\">pr@agata.lt<\/a><\/td><\/tr><\/tbody><\/table><\/figure>\n\n\n\n<h2>Administracijos vadovyb\u0117<\/h2>\n\n\n\n<figure class=\"wp-block-table\"><table><tbody><tr><td>Direktor\u0117<\/td><td>Agn\u0117 Beget\u0117<\/td><\/tr><tr><td>Direktor\u0117s pavaduotojas<\/td><td>Mindaugas Budvytis<\/td><\/tr><tr><td>Direktor\u0117s pavaduotoja<\/td><td>Martyna Gudait\u0117-Gulbinien\u0117<\/td><\/tr><\/tbody><\/table><\/figure>\n","protected":false},"excerpt":{"rendered":"<p>Svarbiausi kontaktai AGATA nariams AGATA naryst\u0117s klausimai, pa\u017eymos atlik\u0117jams ir fonogram\u0173 gamintojams August\u0117 \u017di\u010dkut\u0117Tel.\u00a0+370 645 49 603naryste@agata.lt Indr\u0117 Marcinkevi\u010dien\u0117Tel. +370 600 72 294indre@agata.lt Muzikos ir audiovizualini\u0173 \u012fra\u0161\u0173 registracija Darina MuchinaTel. +370 600 38 150registracija@agata.lt Tarptautini\u0173 muzikos pasiklausymo platform\u0173 paslaugos Goda Virbickait\u0117Tel.&nbsp;+370 647 35 234muzika@agata.lt PAKARTOT.LT info@pakartot.lt Atlyginimo paskirstymas ir mok\u0117jimai Jurga Jurgion\u0117Tel.&nbsp;+370 614 29 064jurga@agata.lt &hellip; <a href=\"https:\/\/www.agata.lt\/lt\/kontaktuok\/\">Continued<\/a><\/p>\n","protected":false},"author":3,"featured_media":0,"parent":0,"menu_order":0,"comment_status":"closed","ping_status":"closed","template":"","meta":[],"_links":{"self":[{"href":"https:\/\/www.agata.lt\/lt\/wp-json\/wp\/v2\/pages\/3838"}],"collection":[{"href":"https:\/\/www.agata.lt\/lt\/wp-json\/wp\/v2\/pages"}],"about":[{"href":"https:\/\/www.agata.lt\/lt\/wp-json\/wp\/v2\/types\/page"}],"author":[{"embeddable":true,"href":"https:\/\/www.agata.lt\/lt\/wp-json\/wp\/v2\/users\/3"}],"replies":[{"embeddable":true,"href":"https:\/\/www.agata.lt\/lt\/wp-json\/wp\/v2\/comments?post=3838"}],"version-history":[{"count":70,"href":"https:\/\/www.agata.lt\/lt\/wp-json\/wp\/v2\/pages\/3838\/revisions"}],"predecessor-version":[{"id":6150,"href":"https:\/\/www.agata.lt\/lt\/wp-json\/wp\/v2\/pages\/3838\/revisions\/6150"}],"wp:attachment":[{"href":"https:\/\/www.agata.lt\/lt\/wp-json\/wp\/v2\/media?parent=3838"}],"curies":[{"name":"wp","href":"https:\/\/api.w.org\/{rel}","templated":true}]}}