{"id":5604,"date":"2025-03-12T13:35:10","date_gmt":"2025-03-12T11:35:10","guid":{"rendered":"https:\/\/www.agata.lt\/?page_id=5604"},"modified":"2026-01-30T15:32:53","modified_gmt":"2026-01-30T13:32:53","slug":"auksiniai-platininiai-deimantiniai-apdovanojimai","status":"publish","type":"page","link":"https:\/\/www.agata.lt\/lt\/auksiniai-platininiai-deimantiniai-apdovanojimai\/","title":{"rendered":"Auksiniai, Platininiai, Deimantiniai apdovanojimai"},"content":{"rendered":"\n<p>\u00a0<\/p>\n<p data-start=\"54\" data-end=\"265\">Auksiniai, Platininiai ir Deimantiniai apdovanojimai skiriami Lietuvos ir u\u017esienio atlik\u0117jams u\u017e daugiausiai perklaus\u0173 sulaukusius albumus ir singlus.<\/p>\n<p data-start=\"54\" data-end=\"265\"><strong>Iki 2025 m. rugs\u0117jo:<\/strong> Auksinis apdovanojimas \u2013 u\u017e 2,5 mln. perklaus\u0173, Platininis apdovanojimas \u2013 u\u017e 4 mln. perklaus\u0173, Deimantinis apdovanojimas \u2013 u\u017e 6 mln. perklaus\u0173.<\/p>\n<p data-start=\"54\" data-end=\"265\"><strong>Nuo 2025 m. rugs\u0117jo:<\/strong> Auksinis apdovanojimas \u2013 u\u017e 3,5 mln. perklaus\u0173, Platininis apdovanojimas \u2013 u\u017e 6 mln. perklaus\u0173, Deimantinis apdovanojimas \u2013 u\u017e 10 mln. perklaus\u0173.<\/p>\n<p data-start=\"434\" data-end=\"558\">Perklaus\u0173 duomenys surenkami ir analizuojami pagal tarptautinius <strong data-start=\"499\" data-end=\"507\">IFPI<\/strong> standartus, u\u017etikrinant objektyvum\u0105 ir tikslum\u0105.<\/p>\n<p><strong>2025 m.<\/strong><\/p>\n<table style=\"height: 828px; width: 100%; border-collapse: collapse; border-style: inset;\">\n<tbody>\n<tr style=\"height: 23px;\">\n<td style=\"width: 19.885057%; height: 598px;\" rowspan=\"26\">Albumai<\/td>\n<td style=\"width: 30.91954%; height: 92px;\" rowspan=\"4\">Deimantinis<\/td>\n<td style=\"width: 49.195402%; height: 23px;\">Justinas Jarutis \u2013 Tav\u0119s Man\u0119s Sav\u0119s<\/td>\n<\/tr>\n<tr style=\"height: 23px;\">\n<td style=\"width: 49.195402%; height: 23px;\">Jessica Shy \u2013 Sutemos<\/td>\n<\/tr>\n<tr style=\"height: 23px;\">\n<td style=\"width: 49.195402%; height: 23px;\">Lilas ir Innomine \u2013 Tu &#8211; Naktis<\/td>\n<\/tr>\n<tr style=\"height: 23px;\">\n<td style=\"width: 49.195402%; height: 23px;\">OG Version \u2013 BILIETAS \u012e ROJ\u0172<\/td>\n<\/tr>\n<tr style=\"height: 23px;\">\n<td style=\"width: 30.91954%; height: 299px;\" rowspan=\"13\">Platininis<\/td>\n<td style=\"width: 49.195402%; height: 23px;\">Jessica Shy \u2013 \u017dv\u0117ris <span style=\"font-weight: 400;\"> (apdovanota lapkri\u010dio m\u0117n.)<\/span><\/td>\n<\/tr>\n<tr style=\"height: 23px;\">\n<td style=\"height: 23px; width: 49.195402%;\">Justinas Jarutis \u2013 Debesimis braidyti<\/td>\n<\/tr>\n<tr style=\"height: 23px;\">\n<td style=\"height: 23px; width: 49.195402%;\">Vaidas Baumila \u2013 Ap\u017eavai<\/td>\n<\/tr>\n<tr style=\"height: 23px;\">\n<td style=\"width: 49.195402%; height: 23px;\">\u00a0ba. \u2013 H8<\/td>\n<\/tr>\n<tr style=\"height: 23px;\">\n<td style=\"width: 49.195402%; height: 23px;\">\u00a0ba. \u2013 NAUTO<\/td>\n<\/tr>\n<tr style=\"height: 23px;\">\n<td style=\"width: 49.195402%; height: 23px;\"><span style=\"font-weight: 400;\">Gabriel\u0117 Vilkickyt\u0117 \u2013\u00a0Vilko \u0161velnumas<\/span><\/td>\n<\/tr>\n<tr style=\"height: 23px;\">\n<td style=\"width: 49.195402%; height: 23px;\"><span style=\"font-weight: 400;\">Angelou \u2013\u00a0Faz\u0117<\/span><\/td>\n<\/tr>\n<tr style=\"height: 23px;\">\n<td style=\"width: 49.195402%; height: 23px;\"><span style=\"font-weight: 400;\">Lilas ir Innomine \u2013 Leisk Man \u0160lyk\u0161t\u0117tis<\/span><\/td>\n<\/tr>\n<tr style=\"height: 23px;\">\n<td style=\"width: 49.195402%; height: 23px;\"><span style=\"font-weight: 400;\">Lilas ir Innomine \u2013 Viskas<\/span><\/td>\n<\/tr>\n<tr style=\"height: 23px;\">\n<td style=\"width: 49.195402%; height: 23px;\">Solo Ansamblis \u2013 Roboxai<\/td>\n<\/tr>\n<tr style=\"height: 23px;\">\n<td style=\"width: 49.195402%; height: 23px;\">GJan \u2013 Pasiduodu Sau<\/td>\n<\/tr>\n<tr style=\"height: 23px;\">\n<td style=\"width: 49.195402%; height: 23px;\">FC Baseball \u2013 Vorai<\/td>\n<\/tr>\n<tr style=\"height: 23px;\">\n<td style=\"width: 49.195402%; height: 23px;\">Hiperbol\u0117 \u2013 Vis\u0173 Laik\u0173 Topai<\/td>\n<\/tr>\n<tr style=\"height: 23px;\">\n<td style=\"width: 30.91954%; height: 207px;\" rowspan=\"9\">\u00a0Auksinis<\/td>\n<td style=\"width: 49.195402%; height: 23px;\">Gabriel\u0117 Vilkickyt\u0117 \u2013 Ma\u017eas r\u016bpintoj\u0117lis <span style=\"font-weight: 400;\"> (apdovanota lapkri\u010dio m\u0117n.)<\/span><\/td>\n<\/tr>\n<tr style=\"height: 23px;\">\n<td style=\"width: 49.195402%; height: 23px;\">Free Finga \u2013 Pick Up Line <span style=\"font-weight: 400;\"> (apdovanota lapkri\u010dio m\u0117n.)<\/span><\/td>\n<\/tr>\n<tr style=\"height: 23px;\">\n<td style=\"width: 49.195402%; height: 23px;\">Jovani \u2013 Noriu \u0160okt <span style=\"font-weight: 400;\"> (apdovanota lapkri\u010dio m\u0117n.)<\/span><\/td>\n<\/tr>\n<tr style=\"height: 23px;\">\n<td style=\"width: 49.195402%; height: 23px;\">Abudu \u2013 Gaisras<\/td>\n<\/tr>\n<tr style=\"height: 23px;\">\n<td style=\"width: 49.195402%; height: 23px;\">Kamani\u0173 \u0160ilelis \u2013 9<\/td>\n<\/tr>\n<tr style=\"height: 23px;\">\n<td style=\"width: 49.195402%; height: 23px;\">ba. \u2013 Rasti \/ Pasiklysti<\/td>\n<\/tr>\n<tr style=\"height: 23px;\">\n<td style=\"width: 49.195402%; height: 23px;\">GJan \u2013 Verkiu Raudon\u0173 Vy\u0161ni\u0173 Sode<\/td>\n<\/tr>\n<tr style=\"height: 23px;\">\n<td style=\"width: 49.195402%; height: 23px;\">Jazzu \u2013 Jazzu<\/td>\n<\/tr>\n<tr style=\"height: 23px;\">\n<td style=\"width: 49.195402%; height: 23px;\">Evgenya Redko \u2013 SOS<\/td>\n<\/tr>\n<tr style=\"height: 23px;\">\n<td style=\"width: 19.885057%; height: 230px;\" rowspan=\"10\">\u00a0Singlai<\/td>\n<td style=\"width: 30.91954%; height: 23px;\">\u00a0Platininis<\/td>\n<td style=\"width: 49.195402%; height: 23px;\"><span style=\"font-weight: 400;\">Jessica Shy \u2013 D\u0117l Tav\u0119s (apdovanota lapkri\u010dio m\u0117n.)<\/span><\/td>\n<\/tr>\n<tr style=\"height: 23px;\">\n<td style=\"width: 30.91954%; height: 207px;\" rowspan=\"9\">Auksinis<\/td>\n<td style=\"width: 49.195402%; height: 23px;\"><span style=\"font-weight: 400;\">Adomas Vy\u0161niauskas \u2013 Jeigu \u017einai ko tu nori (apdovanota lapkri\u010dio m\u0117n.)<\/span><\/td>\n<\/tr>\n<tr style=\"height: 23px;\">\n<td style=\"width: 49.195402%; height: 23px;\"><span style=\"font-weight: 400;\">\u017demaitukai \u2013 Rinkis mane (apdovanota lapkri\u010dio m\u0117n.)<\/span><\/td>\n<\/tr>\n<tr style=\"height: 23px;\">\n<td style=\"width: 49.195402%; height: 23px;\"><span style=\"font-weight: 400;\"> Jessica Shy \u2013 \u017dvaig\u017ed\u0117s (apdovanota lapkri\u010dio m\u0117n.)<\/span><\/td>\n<\/tr>\n<tr style=\"height: 23px;\">\n<td style=\"width: 49.195402%; height: 23px;\"><span style=\"font-weight: 400;\"> Jessica Shy \u2013 Tarp gelton\u0173 r\u016bt\u0173 (apdovanota lapkri\u010dio m\u0117n.)<\/span><\/td>\n<\/tr>\n<tr style=\"height: 23px;\">\n<td style=\"width: 49.195402%; height: 23px;\"><span style=\"font-weight: 400;\"> Jessica Shy \u2013 1000 v\u0117tr\u0173 (apdovanota lapkri\u010dio m\u0117n.)<\/span><\/td>\n<\/tr>\n<tr style=\"height: 23px;\">\n<td style=\"width: 49.195402%; height: 23px;\"><span style=\"font-weight: 400;\">Lilas ir Innomine \u2013 Tu privalai skamb\u0117t (apdovanota lapkri\u010dio m\u0117n.)<\/span><\/td>\n<\/tr>\n<tr style=\"height: 23px;\">\n<td style=\"width: 49.195402%; height: 23px;\"><span style=\"font-weight: 400;\">Lilas ir Innomine \u2013 I\u0161versk man pasaul\u012f\u00a0(apdovanota lapkri\u010dio m\u0117n.)<\/span><\/td>\n<\/tr>\n<tr style=\"height: 23px;\">\n<td style=\"width: 49.195402%; height: 23px;\"><span style=\"font-weight: 400;\">Donny Montell, Sel \u2013 Nieko verta(apdovanota lapkri\u010dio m\u0117n.)<\/span><\/td>\n<\/tr>\n<tr style=\"height: 23px;\">\n<td style=\"width: 49.195402%; height: 23px;\"><span style=\"font-weight: 400;\">Rokas Yan, Monika Liu, Vaidas Baumila \u2013 Gegu\u017eis (apdovanota lapkri\u010dio m\u0117n.)<\/span><\/td>\n<\/tr>\n<\/tbody>\n<\/table>\n<p>\u00a0<\/p>\n<p><strong>2024 m.<\/strong><\/p>\n<table style=\"height: 161px; width: 100%; border-collapse: collapse; border-style: inset;\">\n<tbody>\n<tr style=\"height: 23px;\">\n<td style=\"height: 161px; width: 19.827587%;\" rowspan=\"7\">Albumai<\/td>\n<td style=\"height: 46px; width: 30.689655%;\" rowspan=\"2\">Deimantinis<\/td>\n<td style=\"height: 23px; width: 49.310345%;\">Jessica Shy \u2013 Pasaka<\/td>\n<\/tr>\n<tr style=\"height: 23px;\">\n<td style=\"height: 23px; width: 49.310345%;\">Solo Ansamblis \u2013 Olos<\/td>\n<\/tr>\n<tr style=\"height: 23px;\">\n<td style=\"height: 23px; width: 30.689655%;\">Platininis<\/td>\n<td style=\"height: 23px; width: 49.310345%;\">G&amp;G Sindikatas \u2013 99<\/td>\n<\/tr>\n<tr style=\"height: 23px;\">\n<td style=\"height: 92px; width: 30.689655%;\" rowspan=\"4\">Auksinis<\/td>\n<td style=\"height: 23px; width: 49.310345%;\">Justinas Jarutis \u2013 Debesimis braidyti<\/td>\n<\/tr>\n<tr style=\"height: 23px;\">\n<td style=\"height: 23px; width: 49.310345%;\">Vaidas Baumila \u2013 Ap\u017eavai<\/td>\n<\/tr>\n<tr style=\"height: 23px;\">\n<td style=\"height: 23px; width: 49.310345%;\">2Kv\u0117pavimas \u2013 Leid\u017eiu tau visk\u0105<\/td>\n<\/tr>\n<tr style=\"height: 23px;\">\n<td style=\"height: 23px; width: 49.310345%;\">ba. \u2013 H8<\/td>\n<\/tr>\n<\/tbody>\n<\/table>\n<table style=\"height: 912px; width: 100%; border-collapse: collapse; border-style: inset;\">\n<tbody>\n<tr style=\"height: 43px;\">\n<td style=\"width: 19.54023%; height: 912px;\" rowspan=\"35\">Singlai<\/td>\n<td style=\"width: 30.919539%; height: 66px;\" rowspan=\"2\">Deimantinis<\/td>\n<td style=\"width: 49.54023%; height: 43px;\"><span style=\"font-weight: 400;\">Justinas Jarutis &amp; Jessica Shy \u2013 <\/span><em><span style=\"font-weight: 400;\">Rugpj\u016btis <\/span><\/em><span style=\"font-weight: 400;\"> (apdovanota lapkri\u010dio m\u0117n.)<\/span><\/td>\n<\/tr>\n<tr style=\"height: 23px;\">\n<td style=\"width: 49.54023%; height: 23px;\"><span style=\"font-weight: 400;\">Jessica Shy &amp; Nombeko Auguste \u2013 Tyliai paku\u017ed\u0117k (apdovanota lapkri\u010dio m\u0117n.)<\/span><\/td>\n<\/tr>\n<tr style=\"height: 23px;\">\n<td style=\"width: 30.919539%; height: 356px;\" rowspan=\"12\">Platininis<\/td>\n<td style=\"width: 49.54023%; height: 23px;\"><span style=\"font-weight: 400;\">Remis Retro &amp; Yva \u2013 <\/span><span style=\"font-weight: 400;\">Panel\u0117 verta milijono (apdovanota lapkri\u010dio m\u0117n.)<\/span><\/td>\n<\/tr>\n<tr style=\"height: 63px;\">\n<td style=\"width: 49.54023%; height: 63px;\"><span style=\"font-weight: 400;\">Justinas Jarutis &amp; Jessica Shy \u2013 <em>Rugpj\u016btis <\/em> (apdovanota baland\u017eio m\u0117n.)<\/span><\/td>\n<\/tr>\n<tr style=\"height: 63px;\">\n<td style=\"width: 49.54023%; height: 63px;\"><span style=\"font-weight: 400;\">Jessica Shy &amp; Nombeko Auguste \u2013 Tyliai paku\u017ed\u0117k (apdovanota baland\u017eio m\u0117n.)<\/span><\/td>\n<\/tr>\n<tr style=\"height: 23px;\">\n<td style=\"width: 49.54023%; height: 23px;\"><span style=\"font-weight: 400;\">GJan \u2013 <\/span><span style=\"font-weight: 400;\">Ruduo<\/span><\/td>\n<\/tr>\n<tr style=\"height: 23px;\">\n<td style=\"width: 49.54023%; height: 23px;\"><span style=\"font-weight: 400;\">Jovani &amp; Remis Retro &amp; Karali\u0161ka erdv\u0117 \u2013 <\/span><span style=\"font-weight: 400;\">I\u0161 l\u0117to leid\u017eiasi saul\u0117 (apdovanota lapkri\u010dio m\u0117n.)<\/span><\/td>\n<\/tr>\n<tr style=\"height: 23px;\">\n<td style=\"width: 49.54023%; height: 23px;\"><span style=\"font-weight: 400;\">Vaidas Baumila &amp; Moniqu\u00e9 \u2013 <\/span><span style=\"font-weight: 400;\">Dviese<\/span><\/td>\n<\/tr>\n<tr style=\"height: 23px;\">\n<td style=\"width: 49.54023%; height: 23px;\"><span style=\"font-weight: 400;\">Lilas ir Innomine \u2013 <\/span><span style=\"font-weight: 400;\">Karina<\/span><\/td>\n<\/tr>\n<tr style=\"height: 23px;\">\n<td style=\"width: 49.54023%; height: 23px;\"><span style=\"font-weight: 400;\">The Roop \u2013 <\/span><span style=\"font-weight: 400;\">Discoteque<\/span><\/td>\n<\/tr>\n<tr style=\"height: 23px;\">\n<td style=\"width: 49.54023%; height: 23px;\"><span style=\"font-weight: 400;\">Sisters On Wire \u2013 <\/span><span style=\"font-weight: 400;\">M\u0117lyna M\u0117lyna<\/span><\/td>\n<\/tr>\n<tr style=\"height: 23px;\">\n<td style=\"width: 49.54023%; height: 23px;\"><span style=\"font-weight: 400;\">Vaidas Baumila \u2013 <\/span><span style=\"font-weight: 400;\">Kunigunda<\/span><\/td>\n<\/tr>\n<tr style=\"height: 23px;\">\n<td style=\"width: 49.54023%; height: 23px;\"><span style=\"font-weight: 400;\">Jessica Shy \u2013 <\/span><span style=\"font-weight: 400;\">Apkabink<\/span><\/td>\n<\/tr>\n<tr style=\"height: 23px;\">\n<td style=\"width: 49.54023%; height: 23px;\"><span style=\"font-weight: 400;\">Jessica Shy \u2013 <\/span><span style=\"font-weight: 400;\">\u0160okam L\u0117tai<\/span><\/td>\n<\/tr>\n<tr style=\"height: 23px;\">\n<td style=\"width: 30.919539%; height: 490px;\" rowspan=\"21\">Auksinis<\/td>\n<td style=\"width: 49.54023%; height: 23px;\"><span style=\"font-weight: 400;\">Lilas ir Innomine \u2013<\/span><span style=\"font-weight: 400;\">\u00a0Kai tu \u017eengi g\u016b\u017eiasi Vilnius<\/span><\/td>\n<\/tr>\n<tr style=\"height: 43px;\">\n<td style=\"width: 49.54023%; height: 43px;\"><span style=\"font-weight: 400;\">Lilas ir Innomine \u2013 \u017dmogus velni\u0161kai bijantis stebuklo<\/span><\/td>\n<\/tr>\n<tr style=\"height: 23px;\">\n<td style=\"width: 49.54023%; height: 23px;\"><span style=\"font-weight: 400;\">Proflame \u2013 <\/span><span style=\"font-weight: 400;\">Biznis<\/span><\/td>\n<\/tr>\n<tr style=\"height: 23px;\">\n<td style=\"width: 49.54023%; height: 23px;\"><span style=\"font-weight: 400;\">OG Version \u2013 <\/span><span style=\"font-weight: 400;\">Tiesiog negaliu<\/span><\/td>\n<\/tr>\n<tr style=\"height: 23px;\">\n<td style=\"width: 49.54023%; height: 23px;\"><span style=\"font-weight: 400;\">OG Version \u2013 YES<\/span><\/td>\n<\/tr>\n<tr style=\"height: 23px;\">\n<td style=\"width: 49.54023%; height: 23px;\"><span style=\"font-weight: 400;\">Rokas Yan &amp; Evgenya Redko \u2013 <\/span><span style=\"font-weight: 400;\">Melodramos<\/span><\/td>\n<\/tr>\n<tr style=\"height: 23px;\">\n<td style=\"width: 49.54023%; height: 23px;\"><span style=\"font-weight: 400;\">Silvester Belt \u2013 <\/span><span style=\"font-weight: 400;\">Luktelk<\/span><\/td>\n<\/tr>\n<tr style=\"height: 23px;\">\n<td style=\"width: 49.54023%; height: 23px;\"><span style=\"font-weight: 400;\">GJan \u2013 <\/span><span style=\"font-weight: 400;\">Va\u017eiuoju kur \u0161irdis<\/span><\/td>\n<\/tr>\n<tr style=\"height: 23px;\">\n<td style=\"width: 49.54023%; height: 23px;\"><span style=\"font-weight: 400;\">Bardachiokas \u2013 <\/span><span style=\"font-weight: 400;\">Vaikai po lelijom<\/span><\/td>\n<\/tr>\n<tr style=\"height: 23px;\">\n<td style=\"width: 49.54023%; height: 23px;\"><span style=\"font-weight: 400;\">Katarsis \u2013 <\/span><span style=\"font-weight: 400;\">Vasar\u0105 galvoj minoras<\/span><\/td>\n<\/tr>\n<tr style=\"height: 23px;\">\n<td style=\"width: 49.54023%; height: 23px;\"><span style=\"font-weight: 400;\">Velvet &amp; Dapa Deep \u2013 <\/span><span style=\"font-weight: 400;\">Med\u017eiai melagiai<\/span><\/td>\n<\/tr>\n<tr style=\"height: 23px;\">\n<td style=\"width: 49.54023%; height: 23px;\"><span style=\"font-weight: 400;\">2Kv\u0117pavimas \u2013 Leid\u017eiu tau visk\u0105\u00a0<\/span><\/td>\n<\/tr>\n<tr style=\"height: 23px;\">\n<td style=\"width: 49.54023%; height: 23px;\"><span style=\"font-weight: 400;\">Saul\u0117s Klio\u0161as \u2013 <\/span><span style=\"font-weight: 400;\">Paskambink man<\/span><\/td>\n<\/tr>\n<tr style=\"height: 23px;\">\n<td style=\"width: 49.54023%; height: 23px;\"><span style=\"font-weight: 400;\">Sisters on Wire \u2013 <\/span><span style=\"font-weight: 400;\">Taip jau gavosi<\/span><\/td>\n<\/tr>\n<tr style=\"height: 23px;\">\n<td style=\"width: 49.54023%; height: 23px;\"><span style=\"font-weight: 400;\">The Roop \u2013 <\/span><span style=\"font-weight: 400;\">On Fire<\/span><\/td>\n<\/tr>\n<tr style=\"height: 23px;\">\n<td style=\"width: 49.54023%; height: 23px;\"><span style=\"font-weight: 400;\">Rokas Yan &amp; Jessica Shy \u2013 <\/span><span style=\"font-weight: 400;\">Stadionai<\/span><\/td>\n<\/tr>\n<tr style=\"height: 23px;\">\n<td style=\"width: 49.54023%; height: 23px;\"><span style=\"font-weight: 400;\">Jessica Shy \u2013 <\/span><span style=\"font-weight: 400;\">Ro\u017e\u0117<\/span><\/td>\n<\/tr>\n<tr style=\"height: 23px;\">\n<td style=\"width: 49.54023%; height: 23px;\"><span style=\"font-weight: 400;\">Jessica Shy \u2013 Nieko nieko<\/span><\/td>\n<\/tr>\n<tr style=\"height: 23px;\">\n<td style=\"width: 49.54023%; height: 23px;\"><span style=\"font-weight: 400;\">\u00a0Jessica Shy \u2013 D\u0117l Tav\u0119s<\/span><\/td>\n<\/tr>\n<tr style=\"height: 23px;\">\n<td style=\"width: 49.54023%; height: 10px;\"><span style=\"font-weight: 400;\">YVA &amp; Remis Retro \u2013 <\/span><span style=\"font-weight: 400;\">Panel\u0117 verta milijono (apdovanota baland\u017eio m\u0117n.)<\/span><\/td>\n<\/tr>\n<tr style=\"height: 23px;\">\n<td style=\"width: 49.54023%; height: 23px;\"><span style=\"font-weight: 400;\">Jovani &amp; Karali\u0161ka erdv\u0117 &amp; Remis Retro \u2013 I\u0161 L\u0117to Leid\u017eiasi Saul\u0117 (apdovanota baland\u017eio m\u0117n.)<\/span><\/td>\n<\/tr>\n<\/tbody>\n<\/table>\n<p><strong>2023 m.<\/strong><\/p>\n<table style=\"height: 359px; width: 100%; border-collapse: collapse; border-style: inset;\">\n<tbody>\n<tr style=\"height: 23px;\">\n<td style=\"width: 19.712643%; height: 359px;\" rowspan=\"13\">Albumai<\/td>\n<td style=\"width: 31.954023%; height: 86px;\" rowspan=\"2\">Deimantinis<\/td>\n<td style=\"width: 48.333333%; height: 43px;\"><span style=\"font-weight: 400;\">OG Version \u2013 MOTYV\u00c3CIJOS TIKSLAI<\/span><\/td>\n<\/tr>\n<tr style=\"height: 43px;\">\n<td style=\"width: 48.333333%; height: 43px;\"><span style=\"font-weight: 400;\">Jessica Shy \u2013 Apkabinti Prisiminimus<\/span><\/td>\n<\/tr>\n<tr style=\"height: 23px;\">\n<td style=\"width: 31.954023%; height: 92px;\" rowspan=\"4\">Platininis<\/td>\n<td style=\"width: 48.333333%; height: 23px;\"><span style=\"font-weight: 400;\">Free Finga \u2013 D\u0116MESIO! (Deluxe) (apdovanota spalio m\u0117n.)<\/span><\/td>\n<\/tr>\n<tr style=\"height: 23px;\">\n<td style=\"width: 48.333333%; height: 23px;\"><span style=\"font-weight: 400;\">Solo Ansamblis \u2013 Olos<\/span><\/td>\n<\/tr>\n<tr style=\"height: 23px;\">\n<td style=\"width: 48.333333%; height: 23px;\"><span style=\"font-weight: 400;\">Justinas Jarutis &#8211; Tav\u0119s Man\u0119s Sav\u0119s<\/span><\/td>\n<\/tr>\n<tr style=\"height: 23px;\">\n<td style=\"width: 48.333333%; height: 23px;\"><span style=\"font-weight: 400;\">OG Version &#8211; BILIETAS \u012e ROJ\u0172<\/span><\/td>\n<\/tr>\n<tr style=\"height: 23px;\">\n<td style=\"width: 31.954023%; height: 181px;\" rowspan=\"7\">Auksinis<\/td>\n<td style=\"width: 48.333333%; height: 23px;\"><span style=\"font-weight: 400;\">FC Baseball \u2013 Luna<\/span><\/td>\n<\/tr>\n<tr style=\"height: 23px;\">\n<td style=\"width: 48.333333%; height: 23px;\"><span style=\"font-weight: 400;\">FC Baseball \u2013 \u017dv\u0117ryne<\/span><\/td>\n<\/tr>\n<tr style=\"height: 23px;\">\n<td style=\"width: 48.333333%; height: 23px;\"><span style=\"font-weight: 400;\">FC Baseball \u2013 Vorai<\/span><\/td>\n<\/tr>\n<tr style=\"height: 23px;\">\n<td style=\"width: 48.333333%; height: 23px;\"><span style=\"font-weight: 400;\">Angelou \u2013 Faz\u0117<\/span><\/td>\n<\/tr>\n<tr style=\"height: 23px;\">\n<td style=\"width: 48.333333%; height: 23px;\"><span style=\"font-weight: 400;\">Baltasis Kiras \u2013 Tekan\u010diom up\u0117m<\/span><\/td>\n<\/tr>\n<tr style=\"height: 43px;\">\n<td style=\"width: 48.333333%; height: 43px;\"><span style=\"font-weight: 400;\">Free Finga \u2013 D\u0116MESIO! (Deluxe) (apdovanota baland\u017eio m\u0117n.)<\/span><span style=\"font-weight: 400;\"><br \/><\/span><\/td>\n<\/tr>\n<tr style=\"height: 23px;\">\n<td style=\"width: 48.333333%; height: 23px;\"><span style=\"font-weight: 400;\">Gabriel\u0117 Vilkickyt\u0117 \u2013 Vilko \u0161velnumas<\/span><\/td>\n<\/tr>\n<\/tbody>\n<\/table>\n<p>Auksini\u0173, Platinini\u0173 ir Deimantini\u0173 apdovanojim\u0173 sertifikavimo tvarka: <a href=\"https:\/\/www.agata.lt\/wp-content\/uploads\/2025\/09\/Auksiniai-Platininiai-Aprasas-v.2025-09-09.pdf\">\u010cIA<\/a><\/p>\n","protected":false},"excerpt":{"rendered":"<p>\u00a0 Auksiniai, Platininiai ir Deimantiniai apdovanojimai skiriami Lietuvos ir u\u017esienio atlik\u0117jams u\u017e daugiausiai perklaus\u0173 sulaukusius albumus ir singlus. Iki 2025 m. rugs\u0117jo: Auksinis apdovanojimas \u2013 u\u017e 2,5 mln. perklaus\u0173, Platininis apdovanojimas \u2013 u\u017e 4 mln. perklaus\u0173, Deimantinis apdovanojimas \u2013 u\u017e 6 mln. perklaus\u0173. Nuo 2025 m. rugs\u0117jo: Auksinis apdovanojimas \u2013 u\u017e 3,5 mln. perklaus\u0173, Platininis &hellip; <a href=\"https:\/\/www.agata.lt\/lt\/auksiniai-platininiai-deimantiniai-apdovanojimai\/\">Continued<\/a><\/p>\n","protected":false},"author":3,"featured_media":0,"parent":0,"menu_order":0,"comment_status":"closed","ping_status":"closed","template":"","meta":[],"_links":{"self":[{"href":"https:\/\/www.agata.lt\/lt\/wp-json\/wp\/v2\/pages\/5604"}],"collection":[{"href":"https:\/\/www.agata.lt\/lt\/wp-json\/wp\/v2\/pages"}],"about":[{"href":"https:\/\/www.agata.lt\/lt\/wp-json\/wp\/v2\/types\/page"}],"author":[{"embeddable":true,"href":"https:\/\/www.agata.lt\/lt\/wp-json\/wp\/v2\/users\/3"}],"replies":[{"embeddable":true,"href":"https:\/\/www.agata.lt\/lt\/wp-json\/wp\/v2\/comments?post=5604"}],"version-history":[{"count":36,"href":"https:\/\/www.agata.lt\/lt\/wp-json\/wp\/v2\/pages\/5604\/revisions"}],"predecessor-version":[{"id":6321,"href":"https:\/\/www.agata.lt\/lt\/wp-json\/wp\/v2\/pages\/5604\/revisions\/6321"}],"wp:attachment":[{"href":"https:\/\/www.agata.lt\/lt\/wp-json\/wp\/v2\/media?parent=5604"}],"curies":[{"name":"wp","href":"https:\/\/api.w.org\/{rel}","templated":true}]}}